{"id":196,"date":"2018-02-27T21:42:32","date_gmt":"2018-02-27T21:42:32","guid":{"rendered":"http:\/\/www.pigletsmarket.com\/?page_id=196"},"modified":"2020-02-05T03:10:15","modified_gmt":"2020-02-05T03:10:15","slug":"restaurante-asia-rico-14","status":"publish","type":"page","link":"https:\/\/www.hotelhelverica.com\/?page_id=196","title":{"rendered":"Restaurante"},"content":{"rendered":"<h3><\/h3>\n<h3 style=\"text-align: center;\"><strong>ASIARICO 14<\/strong><\/h3>\n<p style=\"text-align: left;\">Cada d\u00eda reinventamos nuestros platillos, con productos frescos, explotando cada sabor al m\u00e1ximo para crear una fusi\u00f3n distintiva e inigualable, mantenemos firmemente nuestro concepto de evitar el uso de qu\u00edmicos y que los platillos sean inolvidables. Totalmente hecho en casa, y los productos locales y artesanales son parte ya de nuestra cocina;<\/p>\n<p style=\"text-align: left;\">D\u00eda a d\u00eda seguimos investigando nuevas formas para la preparaci\u00f3n de nuestras comidas, con el ingenio de nuestros chefs, <strong>Hans y Rapha\u00ebl<\/strong> representativos ya de nuestro restaurante, quienes con su experiencia gastron\u00f3mica, y el gusto por la cocina implementan dedicaci\u00f3n y un toque esencial en cada comida, han viajado y visitado distintos lugares como \u00c1frica, Polonia, Europa, Francia, suiza, etc. ; de culturas y vivencias distintas, ambos se encontraron en M\u00e9xico, fusionando sus sabores guiados por la misma pasi\u00f3n a la cocina y creando lo que hoy es \u00a8Asiarico14\u00a8.<\/p>\n<p><a href=\"https:\/\/www.hotelhelverica.com\/wp-content\/uploads\/2020\/02\/nuevos-desayunos-ESPANOL-1.pdf\" target=\"_blank\" rel=\"noopener noreferrer\">Ver men\u00fa aqu\u00ed<\/a><\/p>\n<div>          <\/div><style type=\"text\/css\" scoped>.rbs_gallery_69ff38d81b3ceSpinner{\r\n\t\t\t\tmargin: 50px auto;\r\n\t\t\t\twidth: 50px;\r\n\t\t\t\theight: 40px;\r\n\t\t\t\ttext-align: center;\r\n\t\t\t\tfont-size: 10px;\r\n\t\t\t}\r\n\t\t\t.rbs_gallery_69ff38d81b3ceSpinner > div{\r\n\t\t\t  background-color: #333;\r\n\t\t\t  height: 100%;\r\n\t\t\t  width: 6px;\r\n\t\t\t  display: inline-block;\r\n\t\t\t  -webkit-animation: rbs_gallery_69ff38d81b3ce-stretchdelay 1.2s infinite ease-in-out;\r\n\t\t\t  animation: rbs_gallery_69ff38d81b3ce-stretchdelay 1.2s infinite ease-in-out;\r\n\t\t\t}\r\n\t\t\t.rbs_gallery_69ff38d81b3ceSpinner .rbs_gallery_69ff38d81b3ceRect2 {\r\n\t\t\t  -webkit-animation-delay: -1.1s;\r\n\t\t\t  animation-delay: -1.1s;\r\n\t\t\t}\r\n\t\t\t.rbs_gallery_69ff38d81b3ceSpinner .rbs_gallery_69ff38d81b3ceRect3 {\r\n\t\t\t  -webkit-animation-delay: -1.0s;\r\n\t\t\t  animation-delay: -1.0s;\r\n\t\t\t}\r\n\t\t\t.rbs_gallery_69ff38d81b3ceSpinner .rbs_gallery_69ff38d81b3ceRect4 {\r\n\t\t\t  -webkit-animation-delay: -0.9s;\r\n\t\t\t  animation-delay: -0.9s;\r\n\t\t\t}\r\n\t\t\t.rbs_gallery_69ff38d81b3ceSpinner .rbs_gallery_69ff38d81b3ceRect5 {\r\n\t\t\t  -webkit-animation-delay: -0.8s;\r\n\t\t\t  animation-delay: -0.8s;\r\n\t\t\t}\r\n\t\t\t@-webkit-keyframes rbs_gallery_69ff38d81b3ce-stretchdelay {\r\n\t\t\t  0%, 40%, 100% { -webkit-transform: scaleY(0.4) }  \r\n\t\t\t  20% { -webkit-transform: scaleY(1.0) }\r\n\t\t\t}\r\n\t\t\t@keyframes rbs_gallery_69ff38d81b3ce-stretchdelay {\r\n\t\t\t  0%, 40%, 100% { \r\n\t\t\t    transform: scaleY(0.4);\r\n\t\t\t    -webkit-transform: scaleY(0.4);\r\n\t\t\t  }  20% { \r\n\t\t\t    transform: scaleY(1.0);\r\n\t\t\t    -webkit-transform: scaleY(1.0);\r\n\t\t\t  }\r\n\t\t\t}\r\n\t\t<\/style><div class=\"robo-gallery-wrap robo-gallery-wrap-id509 robo-gallery-\" ><div id=\"rbs_gallery_69ff38d81b3ce-block-loader\" class=\"rbs_gallery_69ff38d81b3ceSpinner\"><div class=\"rbs_gallery_69ff38d81b3ceRect1\"><\/div> <div class=\"rbs_gallery_69ff38d81b3ceRect2\"><\/div> <div class=\"rbs_gallery_69ff38d81b3ceRect3\"><\/div> <div class=\"rbs_gallery_69ff38d81b3ceRect4\"><\/div> <div class=\"rbs_gallery_69ff38d81b3ceRect5\"><\/div><\/div><div class=\"rbs_gallery_button  rbs_gallery_align_left\" id=\"rbs_gallery_69ff38d81b3cefilter\" style=\" display: none;\" ><\/div><div id=\"robo_gallery_main_block_rbs_gallery_69ff38d81b3ce\" class=\"robogallery-gallery-509\" style=\"width:90%;  display: none;\"><div id=\"rbs_gallery_69ff38d81b3ce\" data-options=\"rbs_gallery_69ff38d81b3ce\" style=\"width:100%;\" class=\"robo_gallery  \"><div class=\"rbs-img  category509 \" ><div class=\"rbs-img-image   rbs-lightbox \" ><div class=\"rbs-img-thumbs\"  data-thumbnail=\"https:\/\/i0.wp.com\/www.hotelhelverica.com\/wp-content\/uploads\/2018\/03\/IMG_9832_edited.jpg?fit=300%2C300&ssl=1\"  title=\"IMG_9832_edited\"  data-width=\"300\"  data-height=\"300\" ><\/div><div class=\"rbs-img-data-popup\"  data-popup=\"https:\/\/www.hotelhelverica.com\/wp-content\/uploads\/2018\/03\/IMG_9832_edited.jpg\"  title=\"IMG_9832_edited\" ><\/div><div class=\"thumbnail-overlay\"><div class=\"rbsIcons\"><i class=\"fa fa-search-plus rbsZoomIcon \" ><\/i><\/div><\/div><\/div><\/div><div class=\"rbs-img  category509 \" ><div class=\"rbs-img-image   rbs-lightbox \" ><div class=\"rbs-img-thumbs\"  data-thumbnail=\"https:\/\/i0.wp.com\/www.hotelhelverica.com\/wp-content\/uploads\/2018\/03\/teppanyaki-de-pollo-al-e1521839128958.jpg?fit=300%2C200&ssl=1\"  title=\"teppanyaki-de-pollo-al\"  data-width=\"300\"  data-height=\"200\" ><\/div><div class=\"rbs-img-data-popup\"  data-popup=\"https:\/\/www.hotelhelverica.com\/wp-content\/uploads\/2018\/03\/teppanyaki-de-pollo-al-e1521839128958.jpg\"  title=\"teppanyaki-de-pollo-al\" ><\/div><div class=\"thumbnail-overlay\"><div class=\"rbsIcons\"><i class=\"fa fa-search-plus rbsZoomIcon \" ><\/i><\/div><\/div><\/div><\/div><div class=\"rbs-img  category509 \" ><div class=\"rbs-img-image   rbs-lightbox \" ><div class=\"rbs-img-thumbs\"  data-thumbnail=\"https:\/\/i0.wp.com\/www.hotelhelverica.com\/wp-content\/uploads\/2015\/05\/28070428_187742078655797_6968243418204617569_o.jpg?fit=300%2C300&ssl=1\"  title=\"Asiarico\"  data-width=\"300\"  data-height=\"300\" ><\/div><div class=\"rbs-img-data-popup\"  data-popup=\"https:\/\/www.hotelhelverica.com\/wp-content\/uploads\/2015\/05\/28070428_187742078655797_6968243418204617569_o.jpg\"  title=\"Asiarico\" ><\/div><div class=\"thumbnail-overlay\"><div class=\"rbsIcons\"><i class=\"fa fa-search-plus rbsZoomIcon \" ><\/i><\/div><\/div><\/div><\/div><div class=\"rbs-img  category509 \" ><div class=\"rbs-img-image   rbs-lightbox \" ><div class=\"rbs-img-thumbs\"  data-thumbnail=\"https:\/\/i0.wp.com\/www.hotelhelverica.com\/wp-content\/uploads\/2015\/05\/28514510_191672364929435_3149754510001402119_o-1.jpg?fit=300%2C200&ssl=1\"  title=\"28514510_191672364929435_3149754510001402119_o-1\"  data-width=\"300\"  data-height=\"200\" ><\/div><div class=\"rbs-img-data-popup\"  data-popup=\"https:\/\/www.hotelhelverica.com\/wp-content\/uploads\/2015\/05\/28514510_191672364929435_3149754510001402119_o-1.jpg\"  title=\"28514510_191672364929435_3149754510001402119_o-1\" ><\/div><div class=\"thumbnail-overlay\"><div class=\"rbsIcons\"><i class=\"fa fa-search-plus rbsZoomIcon \" ><\/i><\/div><\/div><\/div><\/div><div class=\"rbs-img  category509 \" ><div class=\"rbs-img-image   rbs-lightbox \" ><div class=\"rbs-img-thumbs\"  data-thumbnail=\"https:\/\/i0.wp.com\/www.hotelhelverica.com\/wp-content\/uploads\/2015\/05\/27797404_181852662578072_1885804274690851639_o-e1521839164754.jpg?fit=300%2C200&ssl=1\"  title=\"27797404_181852662578072_1885804274690851639_o\"  data-width=\"300\"  data-height=\"200\" ><\/div><div class=\"rbs-img-data-popup\"  data-popup=\"https:\/\/www.hotelhelverica.com\/wp-content\/uploads\/2015\/05\/27797404_181852662578072_1885804274690851639_o-e1521839164754.jpg\"  title=\"27797404_181852662578072_1885804274690851639_o\" ><\/div><div class=\"thumbnail-overlay\"><div class=\"rbsIcons\"><i class=\"fa fa-search-plus rbsZoomIcon \" ><\/i><\/div><\/div><\/div><\/div><div class=\"rbs-img  category509 \" ><div class=\"rbs-img-image   rbs-lightbox \" ><div class=\"rbs-img-thumbs\"  data-thumbnail=\"https:\/\/i0.wp.com\/www.hotelhelverica.com\/wp-content\/uploads\/2015\/05\/23632178_140314143398591_5143147236751024543_o-e1521839180160.jpg?fit=300%2C200&ssl=1\"  title=\"23632178_140314143398591_5143147236751024543_o\"  data-width=\"300\"  data-height=\"200\" ><\/div><div class=\"rbs-img-data-popup\"  data-popup=\"https:\/\/www.hotelhelverica.com\/wp-content\/uploads\/2015\/05\/23632178_140314143398591_5143147236751024543_o-e1521839180160.jpg\"  title=\"23632178_140314143398591_5143147236751024543_o\" ><\/div><div class=\"thumbnail-overlay\"><div class=\"rbsIcons\"><i class=\"fa fa-search-plus rbsZoomIcon \" ><\/i><\/div><\/div><\/div><\/div><div class=\"rbs-img  category509 \" ><div class=\"rbs-img-image   rbs-lightbox \" ><div class=\"rbs-img-thumbs\"  data-thumbnail=\"https:\/\/i0.wp.com\/www.hotelhelverica.com\/wp-content\/uploads\/2018\/03\/28167205_186800195416652_2855829493513265361_n.jpg?fit=300%2C300&ssl=1\"  title=\"28167205_186800195416652_2855829493513265361_n\"  data-width=\"300\"  data-height=\"300\" ><\/div><div class=\"rbs-img-data-popup\"  data-popup=\"https:\/\/www.hotelhelverica.com\/wp-content\/uploads\/2018\/03\/28167205_186800195416652_2855829493513265361_n.jpg\"  title=\"28167205_186800195416652_2855829493513265361_n\" ><\/div><div class=\"thumbnail-overlay\"><div class=\"rbsIcons\"><i class=\"fa fa-search-plus rbsZoomIcon \" ><\/i><\/div><\/div><\/div><\/div><div class=\"rbs-img  category509 \" ><div class=\"rbs-img-image   rbs-lightbox \" ><div class=\"rbs-img-thumbs\"  data-thumbnail=\"https:\/\/i0.wp.com\/www.hotelhelverica.com\/wp-content\/uploads\/2018\/03\/27368721_175981659831839_632853094248212853_o.jpg?fit=300%2C200&ssl=1\"  title=\"27368721_175981659831839_632853094248212853_o\"  data-width=\"300\"  data-height=\"200\" ><\/div><div class=\"rbs-img-data-popup\"  data-popup=\"https:\/\/www.hotelhelverica.com\/wp-content\/uploads\/2018\/03\/27368721_175981659831839_632853094248212853_o.jpg\"  title=\"27368721_175981659831839_632853094248212853_o\" ><\/div><div class=\"thumbnail-overlay\"><div class=\"rbsIcons\"><i class=\"fa fa-search-plus rbsZoomIcon \" ><\/i><\/div><\/div><\/div><\/div><div class=\"rbs-img  category509 \" ><div class=\"rbs-img-image   rbs-lightbox \" ><div class=\"rbs-img-thumbs\"  data-thumbnail=\"https:\/\/i0.wp.com\/www.hotelhelverica.com\/wp-content\/uploads\/2018\/03\/28061499_185747408855264_8437594191118948777_o.jpg?fit=300%2C202&ssl=1\"  title=\"28061499_185747408855264_8437594191118948777_o\"  data-width=\"300\"  data-height=\"202\" ><\/div><div class=\"rbs-img-data-popup\"  data-popup=\"https:\/\/www.hotelhelverica.com\/wp-content\/uploads\/2018\/03\/28061499_185747408855264_8437594191118948777_o.jpg\"  title=\"28061499_185747408855264_8437594191118948777_o\" ><\/div><div class=\"thumbnail-overlay\"><div class=\"rbsIcons\"><i class=\"fa fa-search-plus rbsZoomIcon \" ><\/i><\/div><\/div><\/div><\/div><div class=\"rbs-img  category509 \" ><div class=\"rbs-img-image   rbs-lightbox \" ><div class=\"rbs-img-thumbs\"  data-thumbnail=\"https:\/\/i0.wp.com\/www.hotelhelverica.com\/wp-content\/uploads\/2018\/03\/24313127_149434685819870_1790606975547213821_o.jpg?fit=300%2C200&ssl=1\"  title=\"24313127_149434685819870_1790606975547213821_o\"  data-width=\"300\"  data-height=\"200\" ><\/div><div class=\"rbs-img-data-popup\"  data-popup=\"https:\/\/www.hotelhelverica.com\/wp-content\/uploads\/2018\/03\/24313127_149434685819870_1790606975547213821_o.jpg\"  title=\"24313127_149434685819870_1790606975547213821_o\" ><\/div><div class=\"thumbnail-overlay\"><div class=\"rbsIcons\"><i class=\"fa fa-search-plus rbsZoomIcon \" ><\/i><\/div><\/div><\/div><\/div><div class=\"rbs-img  category509 \" ><div class=\"rbs-img-image   rbs-lightbox \" ><div class=\"rbs-img-thumbs\"  data-thumbnail=\"https:\/\/i0.wp.com\/www.hotelhelverica.com\/wp-content\/uploads\/2018\/03\/23467027_135161757247163_5692168125761271237_o.jpg?fit=300%2C200&ssl=1\"  title=\"23467027_135161757247163_5692168125761271237_o\"  data-width=\"300\"  data-height=\"200\" ><\/div><div class=\"rbs-img-data-popup\"  data-popup=\"https:\/\/www.hotelhelverica.com\/wp-content\/uploads\/2018\/03\/23467027_135161757247163_5692168125761271237_o.jpg\"  title=\"23467027_135161757247163_5692168125761271237_o\" ><\/div><div class=\"thumbnail-overlay\"><div class=\"rbsIcons\"><i class=\"fa fa-search-plus rbsZoomIcon \" ><\/i><\/div><\/div><\/div><\/div><div class=\"rbs-img  category509 \" ><div class=\"rbs-img-image   rbs-lightbox \" ><div class=\"rbs-img-thumbs\"  data-thumbnail=\"https:\/\/i0.wp.com\/www.hotelhelverica.com\/wp-content\/uploads\/2018\/03\/22448192_100825300680809_8091625113644345423_n.jpg?fit=300%2C225&ssl=1\"  title=\"22448192_100825300680809_8091625113644345423_n\"  data-width=\"300\"  data-height=\"225\" ><\/div><div class=\"rbs-img-data-popup\"  data-popup=\"https:\/\/www.hotelhelverica.com\/wp-content\/uploads\/2018\/03\/22448192_100825300680809_8091625113644345423_n.jpg\"  title=\"22448192_100825300680809_8091625113644345423_n\" ><\/div><div class=\"thumbnail-overlay\"><div class=\"rbsIcons\"><i class=\"fa fa-search-plus rbsZoomIcon \" ><\/i><\/div><\/div><\/div><\/div><div class=\"rbs-img  category509 \" ><div class=\"rbs-img-image   rbs-lightbox \" ><div class=\"rbs-img-thumbs\"  data-thumbnail=\"https:\/\/i0.wp.com\/www.hotelhelverica.com\/wp-content\/uploads\/2018\/03\/res.jpg?fit=225%2C300&ssl=1\"  title=\"res\"  data-width=\"225\"  data-height=\"300\" ><\/div><div class=\"rbs-img-data-popup\"  data-popup=\"https:\/\/www.hotelhelverica.com\/wp-content\/uploads\/2018\/03\/res.jpg\"  title=\"res\" ><\/div><div class=\"thumbnail-overlay\"><div class=\"rbsIcons\"><i class=\"fa fa-search-plus rbsZoomIcon \" ><\/i><\/div><\/div><\/div><\/div><div class=\"rbs-img  category509 \" ><div class=\"rbs-img-image   rbs-lightbox \" ><div class=\"rbs-img-thumbs\"  data-thumbnail=\"https:\/\/i0.wp.com\/www.hotelhelverica.com\/wp-content\/uploads\/2018\/03\/7-2.jpg?fit=300%2C200&ssl=1\"  title=\"7\"  data-width=\"300\"  data-height=\"200\" ><\/div><div class=\"rbs-img-data-popup\"  data-popup=\"https:\/\/www.hotelhelverica.com\/wp-content\/uploads\/2018\/03\/7-2.jpg\"  title=\"7\" ><\/div><div class=\"thumbnail-overlay\"><div class=\"rbsIcons\"><i class=\"fa fa-search-plus rbsZoomIcon \" ><\/i><\/div><\/div><\/div><\/div><\/div><\/div><\/div><script>var rbs_gallery_69ff38d81b3ce = {\"version\":\"3.2.15\",\"id\":509,\"class\":\"id509\",\"roboGalleryDelay\":1000,\"mainContainer\":\"#robo_gallery_main_block_rbs_gallery_69ff38d81b3ce\",\"loadingContainer\":\"#rbs_gallery_69ff38d81b3ce-block-loader\",\"loadingContainerObj\":\"rbs_gallery_69ff38d81b3ce-block-loader\",\"columnWidth\":\"auto\",\"columns\":3,\"resolutions\":[{\"columnWidth\":\"auto\",\"columns\":3,\"maxWidth\":960},{\"columnWidth\":\"auto\",\"columns\":2,\"maxWidth\":650},{\"columnWidth\":\"auto\",\"columns\":1,\"maxWidth\":450}],\"hideTitle\":true,\"lightboxOptions\":{\"gallery\":{\"enabled\":true,\"tCounter\":\"%curr% of %total%\"}},\"overlayEffect\":\"direction-aware-fade\",\"boxesToLoadStart\":12,\"boxesToLoad\":8,\"waitUntilThumbLoads\":1,\"LoadingWord\":\"Loading...\",\"loadMoreWord\":\"Load More\",\"noMoreEntriesWord\":\"No More Entries\",\"horizontalSpaceBetweenBoxes\":15,\"verticalSpaceBetweenBoxes\":15,\"lazyLoad\":1,\"wrapContainer\":\"#robo-gallery-wrap-rbs_gallery_69ff38d81b3ce\",\"filterContainer\":\"#rbs_gallery_69ff38d81b3cefilter\",\"loadMoreClass\":\"button-border-caution button-small \"};<\/script><div>          <\/div>\n","protected":false},"excerpt":{"rendered":"<p>ASIARICO 14 Cada d\u00eda reinventamos nuestros platillos, con productos frescos, explotando cada sabor al m\u00e1ximo para crear una fusi\u00f3n distintiva e inigualable, mantenemos firmemente nuestro concepto de evitar el uso de qu\u00edmicos y que los platillos sean inolvidables. Totalmente hecho en casa, y los productos locales y artesanales son parte[&#8230;]<\/p>\n","protected":false},"author":1,"featured_media":512,"parent":0,"menu_order":0,"comment_status":"closed","ping_status":"closed","template":"template-fullwidth.php","meta":{"footnotes":""},"class_list":["post-196","page","type-page","status-publish","has-post-thumbnail","hentry"],"jetpack_shortlink":"https:\/\/wp.me\/P9LHQi-3a","jetpack-related-posts":[{"id":953,"url":"https:\/\/www.hotelhelverica.com\/?page_id=953","url_meta":{"origin":196,"position":0},"title":"Suites","date":"","format":false,"excerpt":"Las Suites son peque\u00f1os departamentos que se ubican en Francisco I. Madero 48,\u00a0 registro y entrega de llaves en hotel Helv\u00e9rica ubicado en Francisco I. Madero 14. \u00a0 \u00a0","rel":"","context":"Similar post","img":{"alt_text":"","src":"","width":0,"height":0},"classes":[]}],"_links":{"self":[{"href":"https:\/\/www.hotelhelverica.com\/index.php?rest_route=\/wp\/v2\/pages\/196","targetHints":{"allow":["GET"]}}],"collection":[{"href":"https:\/\/www.hotelhelverica.com\/index.php?rest_route=\/wp\/v2\/pages"}],"about":[{"href":"https:\/\/www.hotelhelverica.com\/index.php?rest_route=\/wp\/v2\/types\/page"}],"author":[{"embeddable":true,"href":"https:\/\/www.hotelhelverica.com\/index.php?rest_route=\/wp\/v2\/users\/1"}],"replies":[{"embeddable":true,"href":"https:\/\/www.hotelhelverica.com\/index.php?rest_route=%2Fwp%2Fv2%2Fcomments&post=196"}],"version-history":[{"count":5,"href":"https:\/\/www.hotelhelverica.com\/index.php?rest_route=\/wp\/v2\/pages\/196\/revisions"}],"predecessor-version":[{"id":1064,"href":"https:\/\/www.hotelhelverica.com\/index.php?rest_route=\/wp\/v2\/pages\/196\/revisions\/1064"}],"wp:featuredmedia":[{"embeddable":true,"href":"https:\/\/www.hotelhelverica.com\/index.php?rest_route=\/wp\/v2\/media\/512"}],"wp:attachment":[{"href":"https:\/\/www.hotelhelverica.com\/index.php?rest_route=%2Fwp%2Fv2%2Fmedia&parent=196"}],"curies":[{"name":"wp","href":"https:\/\/api.w.org\/{rel}","templated":true}]}}